{"id":64,"date":"2024-04-24T19:30:39","date_gmt":"2024-04-24T19:30:39","guid":{"rendered":"https:\/\/vaginisme.ca\/?page_id=64"},"modified":"2024-04-27T04:23:27","modified_gmt":"2024-04-27T04:23:27","slug":"blogue","status":"publish","type":"page","link":"https:\/\/vaginisme.ca\/en\/blogue\/","title":{"rendered":"Blog"},"content":{"rendered":"<div data-elementor-type=\"wp-page\" data-elementor-id=\"64\" class=\"elementor elementor-64\" data-elementor-post-type=\"page\">\n\t\t\t\t<div class=\"elementor-element elementor-element-8835531 e-con-full e-flex e-con e-parent\" data-id=\"8835531\" data-element_type=\"container\" data-e-type=\"container\" data-settings=\"{&quot;background_background&quot;:&quot;classic&quot;}\">\n\t\t\t\t<div class=\"elementor-element elementor-element-9b6c221 elementor-widget elementor-widget-heading\" data-id=\"9b6c221\" data-element_type=\"widget\" data-e-type=\"widget\" data-widget_type=\"heading.default\">\n\t\t\t\t<div class=\"elementor-widget-container\">\n\t\t\t\t\t<h2 class=\"elementor-heading-title elementor-size-default\">Your Resource For\n <br>All Things\n<br>Vaginismus<\/h2>\t\t\t\t<\/div>\n\t\t\t\t<\/div>\n\t\t\t\t<\/div>\n\t\t<div class=\"elementor-element elementor-element-2289c95 e-flex e-con-boxed e-con e-parent\" data-id=\"2289c95\" data-element_type=\"container\" data-e-type=\"container\">\n\t\t\t\t\t<div class=\"e-con-inner\">\n\t\t\t\t<div class=\"elementor-element elementor-element-19664e0 elementor-widget elementor-widget-heading\" data-id=\"19664e0\" data-element_type=\"widget\" data-e-type=\"widget\" data-settings=\"{&quot;_animation&quot;:&quot;none&quot;}\" data-widget_type=\"heading.default\">\n\t\t\t\t<div class=\"elementor-widget-container\">\n\t\t\t\t\t<h2 class=\"elementor-heading-title elementor-size-default\">Our Blog<\/h2>\t\t\t\t<\/div>\n\t\t\t\t<\/div>\n\t\t\t\t<div class=\"elementor-element elementor-element-ba8bae8 elementor-widget-divider--view-line elementor-widget elementor-widget-divider\" data-id=\"ba8bae8\" data-element_type=\"widget\" data-e-type=\"widget\" data-widget_type=\"divider.default\">\n\t\t\t\t<div class=\"elementor-widget-container\">\n\t\t\t\t\t\t\t<div class=\"elementor-divider\">\n\t\t\t<span class=\"elementor-divider-separator\">\n\t\t\t\t\t\t<\/span>\n\t\t<\/div>\n\t\t\t\t\t\t<\/div>\n\t\t\t\t<\/div>\n\t\t\t\t<div class=\"elementor-element elementor-element-1ca4224 elementor-widget elementor-widget-text-editor\" data-id=\"1ca4224\" data-element_type=\"widget\" data-e-type=\"widget\" data-widget_type=\"text-editor.default\">\n\t\t\t\t<div class=\"elementor-widget-container\">\n\t\t\t\t\t\t\t\t\t<p>Here you'll find all our blog posts about vaginismus, created for you by our expert team of Physiotherapists and Sexologists at <a href=\"http:\/\/www.physiosa.ca\/en\" target=\"_blank\" rel=\"noopener\"><strong>Active Solution Physiotherapy<\/strong><\/a>.<\/p><p>Our articles are dedicated to understanding and navigating vaginismus, a condition that affects many women but often goes unrecognized. Here, we tackle the complexities of vaginismus with compassion, knowledge and a commitment to breaking the silence surrounding this often misunderstood issue. Whether you're personally struggling with vaginismus, supporting a loved one or simply looking for information, our blog is a safe haven for information and support. We offer a wealth of resources, including personal stories, expert advice and practical tips for managing vaginismus and reclaiming intimacy.<\/p><p>From exploring the emotional consequences to discussing effective treatment options, we're here to empower and educate. Our mission is simple: to foster understanding, promote dialogue and, ultimately, inspire hope in those affected by vaginismus. Join us on this journey of healing, discovery and solidarity as we navigate the complexities of vaginismus together.<\/p><p>Browse our library of articles at your leisure!<\/p>\t\t\t\t\t\t\t\t<\/div>\n\t\t\t\t<\/div>\n\t\t\t\t<div class=\"elementor-element elementor-element-8d89cbd elementor-widget elementor-widget-heading\" data-id=\"8d89cbd\" data-element_type=\"widget\" data-e-type=\"widget\" data-settings=\"{&quot;_animation&quot;:&quot;none&quot;}\" data-widget_type=\"heading.default\">\n\t\t\t\t<div class=\"elementor-widget-container\">\n\t\t\t\t\t<h2 class=\"elementor-heading-title elementor-size-default\">All our blog posts<\/h2>\t\t\t\t<\/div>\n\t\t\t\t<\/div>\n\t\t\t\t<div class=\"elementor-element elementor-element-c81db8a elementor-widget-divider--view-line elementor-widget elementor-widget-divider\" data-id=\"c81db8a\" data-element_type=\"widget\" data-e-type=\"widget\" data-widget_type=\"divider.default\">\n\t\t\t\t<div class=\"elementor-widget-container\">\n\t\t\t\t\t\t\t<div class=\"elementor-divider\">\n\t\t\t<span class=\"elementor-divider-separator\">\n\t\t\t\t\t\t<\/span>\n\t\t<\/div>\n\t\t\t\t\t\t<\/div>\n\t\t\t\t<\/div>\n\t\t\t\t<div class=\"elementor-element elementor-element-b33f33d elementor-grid-eael-col-4 elementor-grid-tablet-eael-col-2 elementor-grid-mobile-eael-col-1 elementor-widget elementor-widget-eael-post-grid\" data-id=\"b33f33d\" data-element_type=\"widget\" data-e-type=\"widget\" data-settings=\"{&quot;eael_post_grid_columns&quot;:&quot;eael-col-4&quot;,&quot;eael_post_grid_columns_tablet&quot;:&quot;eael-col-2&quot;,&quot;eael_post_grid_columns_mobile&quot;:&quot;eael-col-1&quot;}\" data-widget_type=\"eael-post-grid.default\">\n\t\t\t\t<div class=\"elementor-widget-container\">\n\t\t\t\t\t<div id=\"eael-post-grid-b33f33d\" class=\"eael-post-grid-container\">\n            <div class=\"eael-post-grid eael-post-appender eael-post-appender-b33f33d eael-post-grid-style-one\" data-layout-mode=\"grid\"><article class=\"eael-grid-post  eael-post-grid-column eael-pg-post-726 category-intro\" data-id=\"726\">\n        <div class=\"eael-grid-post-holder\">\n            <div class=\"eael-grid-post-holder-inner\"><div class=\"eael-entry-media\"><div class=\"eael-entry-overlay fade-in\"><i class=\"fas fa-long-arrow-alt-right\" aria-hidden=\"true\"><\/i><a href=\"https:\/\/vaginisme.ca\/en\/2024\/08\/19\/comprendre-le-vaginisme-pourquoi-moi\/\"><\/a><\/div><div class=\"eael-entry-thumbnail eael-image-ratio\">\n                <img fetchpriority=\"high\" decoding=\"async\" width=\"300\" height=\"200\" src=\"https:\/\/vaginisme.ca\/wp-content\/uploads\/2024\/04\/muhammad-faiz-zulkeflee-z0-MQoZrAS8-unsplash-1-300x200.jpeg\" class=\"attachment-medium size-medium wp-image-497\" alt=\"\" srcset=\"https:\/\/vaginisme.ca\/wp-content\/uploads\/2024\/04\/muhammad-faiz-zulkeflee-z0-MQoZrAS8-unsplash-1-300x200.jpeg 300w, https:\/\/vaginisme.ca\/wp-content\/uploads\/2024\/04\/muhammad-faiz-zulkeflee-z0-MQoZrAS8-unsplash-1-1024x683.jpeg 1024w, https:\/\/vaginisme.ca\/wp-content\/uploads\/2024\/04\/muhammad-faiz-zulkeflee-z0-MQoZrAS8-unsplash-1-768x512.jpeg 768w, https:\/\/vaginisme.ca\/wp-content\/uploads\/2024\/04\/muhammad-faiz-zulkeflee-z0-MQoZrAS8-unsplash-1-1536x1024.jpeg 1536w, https:\/\/vaginisme.ca\/wp-content\/uploads\/2024\/04\/muhammad-faiz-zulkeflee-z0-MQoZrAS8-unsplash-1-2048x1365.jpeg 2048w, https:\/\/vaginisme.ca\/wp-content\/uploads\/2024\/04\/muhammad-faiz-zulkeflee-z0-MQoZrAS8-unsplash-1-18x12.jpeg 18w\" sizes=\"(max-width: 300px) 100vw, 300px\" \/>\n            <\/div>\n        <\/div><div class=\"eael-entry-wrapper\"><header class=\"eael-entry-header\"><h2 class=\"eael-entry-title\"><a class=\"eael-grid-post-link\" href=\"https:\/\/vaginisme.ca\/en\/2024\/08\/19\/comprendre-le-vaginisme-pourquoi-moi\/\" title=\"Understanding Vaginismus: Why Me?\">Understanding Vaginismus: Why Me?<\/a><\/h2><\/header><div class=\"eael-entry-content\">\n                        <div class=\"eael-grid-post-excerpt\"><p>Le vaginisme est une contraction involontaire des muscles autour de...<\/p><a href=\"https:\/\/vaginisme.ca\/en\/2024\/08\/19\/comprendre-le-vaginisme-pourquoi-moi\/\" class=\"eael-post-elements-readmore-btn\">Read more<\/a><\/div>\n                    <\/div><\/div><\/div>\n        <\/div>\n    <\/article><article class=\"eael-grid-post  eael-post-grid-column eael-pg-post-20 category-intro\" data-id=\"20\">\n        <div class=\"eael-grid-post-holder\">\n            <div class=\"eael-grid-post-holder-inner\"><div class=\"eael-entry-media\"><div class=\"eael-entry-overlay fade-in\"><i class=\"fas fa-long-arrow-alt-right\" aria-hidden=\"true\"><\/i><a href=\"https:\/\/vaginisme.ca\/en\/2024\/04\/23\/vaginisme-introduction\/\"><\/a><\/div><div class=\"eael-entry-thumbnail eael-image-ratio\">\n                <img decoding=\"async\" width=\"300\" height=\"129\" src=\"https:\/\/vaginisme.ca\/wp-content\/uploads\/2024\/04\/iStock-1202463037-scaled-e1714177897512-300x129.jpg\" class=\"attachment-medium size-medium wp-image-23\" alt=\"triste sad\" srcset=\"https:\/\/vaginisme.ca\/wp-content\/uploads\/2024\/04\/iStock-1202463037-scaled-e1714177897512-300x129.jpg 300w, https:\/\/vaginisme.ca\/wp-content\/uploads\/2024\/04\/iStock-1202463037-scaled-e1714177897512-1024x442.jpg 1024w, https:\/\/vaginisme.ca\/wp-content\/uploads\/2024\/04\/iStock-1202463037-scaled-e1714177897512-768x332.jpg 768w, https:\/\/vaginisme.ca\/wp-content\/uploads\/2024\/04\/iStock-1202463037-scaled-e1714177897512-1536x663.jpg 1536w, https:\/\/vaginisme.ca\/wp-content\/uploads\/2024\/04\/iStock-1202463037-scaled-e1714177897512-2048x884.jpg 2048w, https:\/\/vaginisme.ca\/wp-content\/uploads\/2024\/04\/iStock-1202463037-scaled-e1714177897512-18x8.jpg 18w\" sizes=\"(max-width: 300px) 100vw, 300px\" \/>\n            <\/div>\n        <\/div><div class=\"eael-entry-wrapper\"><header class=\"eael-entry-header\"><h2 class=\"eael-entry-title\"><a class=\"eael-grid-post-link\" href=\"https:\/\/vaginisme.ca\/en\/2024\/04\/23\/vaginisme-introduction\/\" title=\"Vaginismus: what is it and do I have it?\">Vaginismus: what is it and do I have it?<\/a><\/h2><\/header><div class=\"eael-entry-content\">\n                        <div class=\"eael-grid-post-excerpt\"><p>Vaginismus is characterized by a contraction or tightening of the...<\/p><a href=\"https:\/\/vaginisme.ca\/en\/2024\/04\/23\/vaginisme-introduction\/\" class=\"eael-post-elements-readmore-btn\">Read more<\/a><\/div>\n                    <\/div><\/div><\/div>\n        <\/div>\n    <\/article><\/div>\n            <div class=\"clearfix\"><\/div>\n        <\/div>\t\t\t\t<\/div>\n\t\t\t\t<\/div>\n\t\t\t\t\t<\/div>\n\t\t\t\t<\/div>\n\t\t<div class=\"elementor-element elementor-element-1958686 e-flex e-con-boxed e-con e-parent\" data-id=\"1958686\" data-element_type=\"container\" data-e-type=\"container\" data-settings=\"{&quot;background_background&quot;:&quot;classic&quot;}\">\n\t\t\t\t\t<div class=\"e-con-inner\">\n\t\t\t\t\t<\/div>\n\t\t\t\t<\/div>\n\t\t\t\t<\/div>","protected":false},"excerpt":{"rendered":"<p>Votre ressource pour tout ce qui concerne le vaginisme Notre blogue Vous trouverez ici tous nos articles de blogue concernant le vaginisme, cr\u00e9\u00e9s pour vous par notre \u00e9quipe experte des Physioth\u00e9rapeutes et Sexologues de Physioth\u00e9rapie Solution Active. Nos articles sont d\u00e9di\u00e9s \u00e0 la compr\u00e9hension et \u00e0 la navigation dans le vaginisme, une maladie qui touche [&hellip;]<\/p>\n","protected":false},"author":3,"featured_media":52,"parent":0,"menu_order":0,"comment_status":"closed","ping_status":"closed","template":"","meta":{"footnotes":""},"class_list":["post-64","page","type-page","status-publish","has-post-thumbnail","hentry"],"yoast_head":"<!-- This site is optimized with the Yoast SEO plugin v27.3 - https:\/\/yoast.com\/product\/yoast-seo-wordpress\/ -->\n<title>Blogue -Vaginisme Montr\u00e9al - Apprenez \u00e0 propos du vaginisme !<\/title>\n<meta name=\"description\" content=\"Cette blogue est une affili\u00e9e de Physioth\u00e9rapie Solution Active d\u00e9di\u00e9e \u00e0 informer et sensibiliser les gens sur ce qu\u2019est le vaginisme\" \/>\n<meta name=\"robots\" content=\"index, follow, max-snippet:-1, max-image-preview:large, max-video-preview:-1\" \/>\n<link rel=\"canonical\" href=\"https:\/\/vaginisme.ca\/en\/blogue\/\" \/>\n<meta property=\"og:locale\" content=\"en_US\" \/>\n<meta property=\"og:type\" content=\"article\" \/>\n<meta property=\"og:title\" content=\"Blogue -Vaginisme Montr\u00e9al - Apprenez \u00e0 propos du vaginisme !\" \/>\n<meta property=\"og:description\" content=\"Cette blogue est une affili\u00e9e de Physioth\u00e9rapie Solution Active d\u00e9di\u00e9e \u00e0 informer et sensibiliser les gens sur ce qu\u2019est le vaginisme\" \/>\n<meta property=\"og:url\" content=\"https:\/\/vaginisme.ca\/en\/blogue\/\" \/>\n<meta property=\"og:site_name\" content=\"Vaginisme.ca\" \/>\n<meta property=\"article:modified_time\" content=\"2024-04-27T04:23:27+00:00\" \/>\n<meta property=\"og:image\" content=\"http:\/\/vaginisme.ca\/wp-content\/uploads\/2024\/04\/iStock-1214236471-scaled.jpg\" \/>\n\t<meta property=\"og:image:width\" content=\"2560\" \/>\n\t<meta property=\"og:image:height\" content=\"1707\" \/>\n\t<meta property=\"og:image:type\" content=\"image\/jpeg\" \/>\n<meta name=\"twitter:card\" content=\"summary_large_image\" \/>\n<meta name=\"twitter:label1\" content=\"Est. reading time\" \/>\n\t<meta name=\"twitter:data1\" content=\"2 minutes\" \/>\n<script type=\"application\/ld+json\" class=\"yoast-schema-graph\">{\"@context\":\"https:\\\/\\\/schema.org\",\"@graph\":[{\"@type\":\"WebPage\",\"@id\":\"https:\\\/\\\/vaginisme.ca\\\/blogue\\\/\",\"url\":\"https:\\\/\\\/vaginisme.ca\\\/blogue\\\/\",\"name\":\"Blogue -Vaginisme Montr\u00e9al - Apprenez \u00e0 propos du vaginisme !\",\"isPartOf\":{\"@id\":\"https:\\\/\\\/vaginisme.ca\\\/#website\"},\"primaryImageOfPage\":{\"@id\":\"https:\\\/\\\/vaginisme.ca\\\/blogue\\\/#primaryimage\"},\"image\":{\"@id\":\"https:\\\/\\\/vaginisme.ca\\\/blogue\\\/#primaryimage\"},\"thumbnailUrl\":\"https:\\\/\\\/vaginisme.ca\\\/wp-content\\\/uploads\\\/2024\\\/04\\\/iStock-1214236471-scaled.jpg\",\"datePublished\":\"2024-04-24T19:30:39+00:00\",\"dateModified\":\"2024-04-27T04:23:27+00:00\",\"description\":\"Cette blogue est une affili\u00e9e de Physioth\u00e9rapie Solution Active d\u00e9di\u00e9e \u00e0 informer et sensibiliser les gens sur ce qu\u2019est le vaginisme\",\"breadcrumb\":{\"@id\":\"https:\\\/\\\/vaginisme.ca\\\/blogue\\\/#breadcrumb\"},\"inLanguage\":\"en-CA\",\"potentialAction\":[{\"@type\":\"ReadAction\",\"target\":[\"https:\\\/\\\/vaginisme.ca\\\/blogue\\\/\"]}]},{\"@type\":\"ImageObject\",\"inLanguage\":\"en-CA\",\"@id\":\"https:\\\/\\\/vaginisme.ca\\\/blogue\\\/#primaryimage\",\"url\":\"https:\\\/\\\/vaginisme.ca\\\/wp-content\\\/uploads\\\/2024\\\/04\\\/iStock-1214236471-scaled.jpg\",\"contentUrl\":\"https:\\\/\\\/vaginisme.ca\\\/wp-content\\\/uploads\\\/2024\\\/04\\\/iStock-1214236471-scaled.jpg\",\"width\":2560,\"height\":1707,\"caption\":\"sad couple triste Vaginisme Vaginismus blogue\"},{\"@type\":\"BreadcrumbList\",\"@id\":\"https:\\\/\\\/vaginisme.ca\\\/blogue\\\/#breadcrumb\",\"itemListElement\":[{\"@type\":\"ListItem\",\"position\":1,\"name\":\"Home\",\"item\":\"https:\\\/\\\/vaginisme.ca\\\/\"},{\"@type\":\"ListItem\",\"position\":2,\"name\":\"Blogue\"}]},{\"@type\":\"WebSite\",\"@id\":\"https:\\\/\\\/vaginisme.ca\\\/#website\",\"url\":\"https:\\\/\\\/vaginisme.ca\\\/\",\"name\":\"Vaginisme.ca\",\"description\":\"Apprenez \u00e0 propos du vaginisme !\",\"publisher\":{\"@id\":\"https:\\\/\\\/vaginisme.ca\\\/#organization\"},\"potentialAction\":[{\"@type\":\"SearchAction\",\"target\":{\"@type\":\"EntryPoint\",\"urlTemplate\":\"https:\\\/\\\/vaginisme.ca\\\/?s={search_term_string}\"},\"query-input\":{\"@type\":\"PropertyValueSpecification\",\"valueRequired\":true,\"valueName\":\"search_term_string\"}}],\"inLanguage\":\"en-CA\"},{\"@type\":\"Organization\",\"@id\":\"https:\\\/\\\/vaginisme.ca\\\/#organization\",\"name\":\"Vaginisme.ca\",\"url\":\"https:\\\/\\\/vaginisme.ca\\\/\",\"logo\":{\"@type\":\"ImageObject\",\"inLanguage\":\"en-CA\",\"@id\":\"https:\\\/\\\/vaginisme.ca\\\/#\\\/schema\\\/logo\\\/image\\\/\",\"url\":\"https:\\\/\\\/vaginisme.ca\\\/wp-content\\\/uploads\\\/2024\\\/04\\\/New-Logo.png\",\"contentUrl\":\"https:\\\/\\\/vaginisme.ca\\\/wp-content\\\/uploads\\\/2024\\\/04\\\/New-Logo.png\",\"width\":1800,\"height\":566,\"caption\":\"Vaginisme.ca\"},\"image\":{\"@id\":\"https:\\\/\\\/vaginisme.ca\\\/#\\\/schema\\\/logo\\\/image\\\/\"}}]}<\/script>\n<!-- \/ Yoast SEO plugin. -->","yoast_head_json":{"title":"Blogue -Vaginisme Montr\u00e9al - Apprenez \u00e0 propos du vaginisme !","description":"Cette blogue est une affili\u00e9e de Physioth\u00e9rapie Solution Active d\u00e9di\u00e9e \u00e0 informer et sensibiliser les gens sur ce qu\u2019est le vaginisme","robots":{"index":"index","follow":"follow","max-snippet":"max-snippet:-1","max-image-preview":"max-image-preview:large","max-video-preview":"max-video-preview:-1"},"canonical":"https:\/\/vaginisme.ca\/en\/blogue\/","og_locale":"en_US","og_type":"article","og_title":"Blogue -Vaginisme Montr\u00e9al - Apprenez \u00e0 propos du vaginisme !","og_description":"Cette blogue est une affili\u00e9e de Physioth\u00e9rapie Solution Active d\u00e9di\u00e9e \u00e0 informer et sensibiliser les gens sur ce qu\u2019est le vaginisme","og_url":"https:\/\/vaginisme.ca\/en\/blogue\/","og_site_name":"Vaginisme.ca","article_modified_time":"2024-04-27T04:23:27+00:00","og_image":[{"width":2560,"height":1707,"url":"http:\/\/vaginisme.ca\/wp-content\/uploads\/2024\/04\/iStock-1214236471-scaled.jpg","type":"image\/jpeg"}],"twitter_card":"summary_large_image","twitter_misc":{"Est. reading time":"2 minutes"},"schema":{"@context":"https:\/\/schema.org","@graph":[{"@type":"WebPage","@id":"https:\/\/vaginisme.ca\/blogue\/","url":"https:\/\/vaginisme.ca\/blogue\/","name":"Blogue -Vaginisme Montr\u00e9al - Apprenez \u00e0 propos du vaginisme !","isPartOf":{"@id":"https:\/\/vaginisme.ca\/#website"},"primaryImageOfPage":{"@id":"https:\/\/vaginisme.ca\/blogue\/#primaryimage"},"image":{"@id":"https:\/\/vaginisme.ca\/blogue\/#primaryimage"},"thumbnailUrl":"https:\/\/vaginisme.ca\/wp-content\/uploads\/2024\/04\/iStock-1214236471-scaled.jpg","datePublished":"2024-04-24T19:30:39+00:00","dateModified":"2024-04-27T04:23:27+00:00","description":"Cette blogue est une affili\u00e9e de Physioth\u00e9rapie Solution Active d\u00e9di\u00e9e \u00e0 informer et sensibiliser les gens sur ce qu\u2019est le vaginisme","breadcrumb":{"@id":"https:\/\/vaginisme.ca\/blogue\/#breadcrumb"},"inLanguage":"en-CA","potentialAction":[{"@type":"ReadAction","target":["https:\/\/vaginisme.ca\/blogue\/"]}]},{"@type":"ImageObject","inLanguage":"en-CA","@id":"https:\/\/vaginisme.ca\/blogue\/#primaryimage","url":"https:\/\/vaginisme.ca\/wp-content\/uploads\/2024\/04\/iStock-1214236471-scaled.jpg","contentUrl":"https:\/\/vaginisme.ca\/wp-content\/uploads\/2024\/04\/iStock-1214236471-scaled.jpg","width":2560,"height":1707,"caption":"sad couple triste Vaginisme Vaginismus blogue"},{"@type":"BreadcrumbList","@id":"https:\/\/vaginisme.ca\/blogue\/#breadcrumb","itemListElement":[{"@type":"ListItem","position":1,"name":"Home","item":"https:\/\/vaginisme.ca\/"},{"@type":"ListItem","position":2,"name":"Blogue"}]},{"@type":"WebSite","@id":"https:\/\/vaginisme.ca\/#website","url":"https:\/\/vaginisme.ca\/","name":"Vaginisme.ca","description":"Apprenez \u00e0 propos du vaginisme !","publisher":{"@id":"https:\/\/vaginisme.ca\/#organization"},"potentialAction":[{"@type":"SearchAction","target":{"@type":"EntryPoint","urlTemplate":"https:\/\/vaginisme.ca\/?s={search_term_string}"},"query-input":{"@type":"PropertyValueSpecification","valueRequired":true,"valueName":"search_term_string"}}],"inLanguage":"en-CA"},{"@type":"Organization","@id":"https:\/\/vaginisme.ca\/#organization","name":"Vaginisme.ca","url":"https:\/\/vaginisme.ca\/","logo":{"@type":"ImageObject","inLanguage":"en-CA","@id":"https:\/\/vaginisme.ca\/#\/schema\/logo\/image\/","url":"https:\/\/vaginisme.ca\/wp-content\/uploads\/2024\/04\/New-Logo.png","contentUrl":"https:\/\/vaginisme.ca\/wp-content\/uploads\/2024\/04\/New-Logo.png","width":1800,"height":566,"caption":"Vaginisme.ca"},"image":{"@id":"https:\/\/vaginisme.ca\/#\/schema\/logo\/image\/"}}]}},"_links":{"self":[{"href":"https:\/\/vaginisme.ca\/en\/wp-json\/wp\/v2\/pages\/64","targetHints":{"allow":["GET"]}}],"collection":[{"href":"https:\/\/vaginisme.ca\/en\/wp-json\/wp\/v2\/pages"}],"about":[{"href":"https:\/\/vaginisme.ca\/en\/wp-json\/wp\/v2\/types\/page"}],"author":[{"embeddable":true,"href":"https:\/\/vaginisme.ca\/en\/wp-json\/wp\/v2\/users\/3"}],"replies":[{"embeddable":true,"href":"https:\/\/vaginisme.ca\/en\/wp-json\/wp\/v2\/comments?post=64"}],"version-history":[{"count":109,"href":"https:\/\/vaginisme.ca\/en\/wp-json\/wp\/v2\/pages\/64\/revisions"}],"predecessor-version":[{"id":607,"href":"https:\/\/vaginisme.ca\/en\/wp-json\/wp\/v2\/pages\/64\/revisions\/607"}],"wp:featuredmedia":[{"embeddable":true,"href":"https:\/\/vaginisme.ca\/en\/wp-json\/wp\/v2\/media\/52"}],"wp:attachment":[{"href":"https:\/\/vaginisme.ca\/en\/wp-json\/wp\/v2\/media?parent=64"}],"curies":[{"name":"wp","href":"https:\/\/api.w.org\/{rel}","templated":true}]}}