{"id":241,"date":"2024-04-26T19:51:53","date_gmt":"2024-04-26T19:51:53","guid":{"rendered":"https:\/\/vaginisme.ca\/?page_id=241"},"modified":"2024-04-27T04:24:23","modified_gmt":"2024-04-27T04:24:23","slug":"contact","status":"publish","type":"page","link":"https:\/\/vaginisme.ca\/en\/contact\/","title":{"rendered":"Contact"},"content":{"rendered":"\t\t<div data-elementor-type=\"wp-page\" data-elementor-id=\"241\" class=\"elementor elementor-241\" data-elementor-post-type=\"page\">\n\t\t\t\t<div class=\"elementor-element elementor-element-c721581 e-con-full e-flex e-con e-parent\" data-id=\"c721581\" data-element_type=\"container\" data-e-type=\"container\" data-settings=\"{&quot;background_background&quot;:&quot;classic&quot;}\">\n\t\t\t\t<div class=\"elementor-element elementor-element-4e303e4 elementor-widget elementor-widget-heading\" data-id=\"4e303e4\" data-element_type=\"widget\" data-e-type=\"widget\" data-widget_type=\"heading.default\">\n\t\t\t\t<div class=\"elementor-widget-container\">\n\t\t\t\t\t<h2 class=\"elementor-heading-title elementor-size-default\">Votre ressource pour\n <br>tout ce qui concerne\n<br>le vaginisme<\/h2>\t\t\t\t<\/div>\n\t\t\t\t<\/div>\n\t\t\t\t<\/div>\n\t\t<div class=\"elementor-element elementor-element-cfe6b3d e-flex e-con-boxed e-con e-parent\" data-id=\"cfe6b3d\" data-element_type=\"container\" data-e-type=\"container\">\n\t\t\t\t\t<div class=\"e-con-inner\">\n\t\t\t\t<div class=\"elementor-element elementor-element-7789801 elementor-widget elementor-widget-heading\" data-id=\"7789801\" data-element_type=\"widget\" data-e-type=\"widget\" data-settings=\"{&quot;_animation&quot;:&quot;none&quot;}\" data-widget_type=\"heading.default\">\n\t\t\t\t<div class=\"elementor-widget-container\">\n\t\t\t\t\t<h1 class=\"elementor-heading-title elementor-size-default\">Nous joindre<\/h1>\t\t\t\t<\/div>\n\t\t\t\t<\/div>\n\t\t\t\t<div class=\"elementor-element elementor-element-6eb5b14 elementor-widget-divider--view-line elementor-widget elementor-widget-divider\" data-id=\"6eb5b14\" data-element_type=\"widget\" data-e-type=\"widget\" data-widget_type=\"divider.default\">\n\t\t\t\t<div class=\"elementor-widget-container\">\n\t\t\t\t\t\t\t<div class=\"elementor-divider\">\n\t\t\t<span class=\"elementor-divider-separator\">\n\t\t\t\t\t\t<\/span>\n\t\t<\/div>\n\t\t\t\t\t\t<\/div>\n\t\t\t\t<\/div>\n\t\t<div class=\"elementor-element elementor-element-fde6a12 e-grid e-con-boxed e-con e-child\" data-id=\"fde6a12\" data-element_type=\"container\" data-e-type=\"container\">\n\t\t\t\t\t<div class=\"e-con-inner\">\n\t\t\t\t<div class=\"elementor-element elementor-element-33f0d85 elementor-widget elementor-widget-text-editor\" data-id=\"33f0d85\" data-element_type=\"widget\" data-e-type=\"widget\" data-widget_type=\"text-editor.default\">\n\t\t\t\t<div class=\"elementor-widget-container\">\n\t\t\t\t\t\t\t\t\t<p>Nous vous encourageons \u00e0 contacter notre \u00e9quipe d&rsquo;experts pour toute question ou pr\u00e9occupation que vous pourriez avoir concernant le vaginisme.<\/p><p>Avez-vous un sujet que vous aimeriez voir trait\u00e9 sur notre blog ? Remplissez ce formulaire de contact et nous ferons de notre mieux pour y parvenir !<\/p><p>En affiliation avec <a href=\"http:\/\/wwww.physiosa.ca\"><strong>Physioth\u00e9rapie Solution Active<\/strong><\/a>.<\/p>\t\t\t\t\t\t\t\t<\/div>\n\t\t\t\t<\/div>\n\t\t\t\t<div class=\"elementor-element elementor-element-b9054e4 elementor-button-align-stretch elementor-widget elementor-widget-form\" data-id=\"b9054e4\" data-element_type=\"widget\" data-e-type=\"widget\" data-settings=\"{&quot;step_next_label&quot;:&quot;Next&quot;,&quot;step_previous_label&quot;:&quot;Previous&quot;,&quot;button_width&quot;:&quot;100&quot;,&quot;step_type&quot;:&quot;number_text&quot;,&quot;step_icon_shape&quot;:&quot;circle&quot;}\" data-widget_type=\"form.default\">\n\t\t\t\t<div class=\"elementor-widget-container\">\n\t\t\t\t\t\t\t<form class=\"elementor-form\" method=\"post\" name=\"Vaginismus Montreal\">\n\t\t\t<input type=\"hidden\" name=\"post_id\" value=\"241\"\/>\n\t\t\t<input type=\"hidden\" name=\"form_id\" value=\"b9054e4\"\/>\n\t\t\t<input type=\"hidden\" name=\"referer_title\" value=\"Vaginisme.ca\" \/>\n\n\t\t\t\n\t\t\t<div class=\"elementor-form-fields-wrapper elementor-labels-above\">\n\t\t\t\t\t\t\t\t<div class=\"elementor-field-type-text elementor-field-group elementor-column elementor-field-group-name elementor-col-100 elementor-field-required elementor-mark-required\">\n\t\t\t\t\t\t\t\t\t\t\t\t<label for=\"form-field-name\" class=\"elementor-field-label\">\n\t\t\t\t\t\t\t\tNom\t\t\t\t\t\t\t<\/label>\n\t\t\t\t\t\t\t\t\t\t\t\t\t\t<input size=\"1\" type=\"text\" name=\"form_fields[name]\" id=\"form-field-name\" class=\"elementor-field elementor-size-sm  elementor-field-textual\" placeholder=\"Nom\" required=\"required\" aria-required=\"true\">\n\t\t\t\t\t\t\t\t\t\t\t<\/div>\n\t\t\t\t\t\t\t\t<div class=\"elementor-field-type-email elementor-field-group elementor-column elementor-field-group-email elementor-col-100 elementor-field-required elementor-mark-required\">\n\t\t\t\t\t\t\t\t\t\t\t\t<label for=\"form-field-email\" class=\"elementor-field-label\">\n\t\t\t\t\t\t\t\tEmail\t\t\t\t\t\t\t<\/label>\n\t\t\t\t\t\t\t\t\t\t\t\t\t\t<input size=\"1\" type=\"email\" name=\"form_fields[email]\" id=\"form-field-email\" class=\"elementor-field elementor-size-sm  elementor-field-textual\" placeholder=\"Email\" required=\"required\" aria-required=\"true\">\n\t\t\t\t\t\t\t\t\t\t\t<\/div>\n\t\t\t\t\t\t\t\t<div class=\"elementor-field-type-textarea elementor-field-group elementor-column elementor-field-group-message elementor-col-100 elementor-field-required elementor-mark-required\">\n\t\t\t\t\t\t\t\t\t\t\t\t<label for=\"form-field-message\" class=\"elementor-field-label\">\n\t\t\t\t\t\t\t\tMessage\t\t\t\t\t\t\t<\/label>\n\t\t\t\t\t\t<textarea class=\"elementor-field-textual elementor-field  elementor-size-sm\" name=\"form_fields[message]\" id=\"form-field-message\" rows=\"4\" placeholder=\"Message\" required=\"required\" aria-required=\"true\"><\/textarea>\t\t\t\t<\/div>\n\t\t\t\t\t\t\t\t<div class=\"elementor-field-group elementor-column elementor-field-type-submit elementor-col-100 e-form__buttons\">\n\t\t\t\t\t<button type=\"submit\" class=\"elementor-button elementor-size-sm\">\n\t\t\t\t\t\t<span >\n\t\t\t\t\t\t\t\t\t\t\t\t\t\t\t<span class=\" elementor-button-icon\">\n\t\t\t\t\t\t\t\t\t\t\t\t\t\t\t\t\t\t\t\t\t\t\t\t\t\t<\/span>\n\t\t\t\t\t\t\t\t\t\t\t\t\t\t\t\t\t\t\t\t\t\t<span class=\"elementor-button-text\">Envoyer<\/span>\n\t\t\t\t\t\t\t\t\t\t\t\t\t<\/span>\n\t\t\t\t\t<\/button>\n\t\t\t\t<\/div>\n\t\t\t<\/div>\n\t\t<\/form>\n\t\t\t\t\t\t<\/div>\n\t\t\t\t<\/div>\n\t\t\t\t\t<\/div>\n\t\t\t\t<\/div>\n\t\t\t\t\t<\/div>\n\t\t\t\t<\/div>\n\t\t<div class=\"elementor-element elementor-element-e4a688c e-flex e-con-boxed e-con e-parent\" data-id=\"e4a688c\" data-element_type=\"container\" data-e-type=\"container\" data-settings=\"{&quot;background_background&quot;:&quot;classic&quot;}\">\n\t\t\t\t\t<div class=\"e-con-inner\">\n\t\t\t\t\t<\/div>\n\t\t\t\t<\/div>\n\t\t\t\t<\/div>\n\t\t","protected":false},"excerpt":{"rendered":"<p>Votre ressource pour tout ce qui concerne le vaginisme Nous joindre Nous vous encourageons \u00e0 contacter notre \u00e9quipe d&rsquo;experts pour toute question ou pr\u00e9occupation que vous pourriez avoir concernant le vaginisme. Avez-vous un sujet que vous aimeriez voir trait\u00e9 sur notre blog ? Remplissez ce formulaire de contact et nous ferons de notre mieux pour [&hellip;]<\/p>\n","protected":false},"author":3,"featured_media":0,"parent":0,"menu_order":0,"comment_status":"closed","ping_status":"closed","template":"","meta":{"footnotes":""},"class_list":["post-241","page","type-page","status-publish","hentry"],"yoast_head":"<!-- This site is optimized with the Yoast SEO plugin v27.3 - https:\/\/yoast.com\/product\/yoast-seo-wordpress\/ -->\n<title>Contact - Vaginisme.ca<\/title>\n<meta name=\"robots\" content=\"index, follow, max-snippet:-1, max-image-preview:large, max-video-preview:-1\" \/>\n<link rel=\"canonical\" href=\"https:\/\/vaginisme.ca\/en\/contact\/\" \/>\n<meta property=\"og:locale\" content=\"en_US\" \/>\n<meta property=\"og:type\" content=\"article\" \/>\n<meta property=\"og:title\" content=\"Contact - Vaginisme.ca\" \/>\n<meta property=\"og:description\" content=\"Votre ressource pour tout ce qui concerne le vaginisme Nous joindre Nous vous encourageons \u00e0 contacter notre \u00e9quipe d&rsquo;experts pour toute question ou pr\u00e9occupation que vous pourriez avoir concernant le vaginisme. Avez-vous un sujet que vous aimeriez voir trait\u00e9 sur notre blog ? Remplissez ce formulaire de contact et nous ferons de notre mieux pour [&hellip;]\" \/>\n<meta property=\"og:url\" content=\"https:\/\/vaginisme.ca\/en\/contact\/\" \/>\n<meta property=\"og:site_name\" content=\"Vaginisme.ca\" \/>\n<meta property=\"article:modified_time\" content=\"2024-04-27T04:24:23+00:00\" \/>\n<meta name=\"twitter:card\" content=\"summary_large_image\" \/>\n<meta name=\"twitter:label1\" content=\"Est. reading time\" \/>\n\t<meta name=\"twitter:data1\" content=\"1 minute\" \/>\n<script type=\"application\/ld+json\" class=\"yoast-schema-graph\">{\"@context\":\"https:\\\/\\\/schema.org\",\"@graph\":[{\"@type\":\"WebPage\",\"@id\":\"https:\\\/\\\/vaginisme.ca\\\/contact\\\/\",\"url\":\"https:\\\/\\\/vaginisme.ca\\\/contact\\\/\",\"name\":\"Contact - Vaginisme.ca\",\"isPartOf\":{\"@id\":\"https:\\\/\\\/vaginisme.ca\\\/#website\"},\"datePublished\":\"2024-04-26T19:51:53+00:00\",\"dateModified\":\"2024-04-27T04:24:23+00:00\",\"breadcrumb\":{\"@id\":\"https:\\\/\\\/vaginisme.ca\\\/contact\\\/#breadcrumb\"},\"inLanguage\":\"en-CA\",\"potentialAction\":[{\"@type\":\"ReadAction\",\"target\":[\"https:\\\/\\\/vaginisme.ca\\\/contact\\\/\"]}]},{\"@type\":\"BreadcrumbList\",\"@id\":\"https:\\\/\\\/vaginisme.ca\\\/contact\\\/#breadcrumb\",\"itemListElement\":[{\"@type\":\"ListItem\",\"position\":1,\"name\":\"Home\",\"item\":\"https:\\\/\\\/vaginisme.ca\\\/\"},{\"@type\":\"ListItem\",\"position\":2,\"name\":\"Contact\"}]},{\"@type\":\"WebSite\",\"@id\":\"https:\\\/\\\/vaginisme.ca\\\/#website\",\"url\":\"https:\\\/\\\/vaginisme.ca\\\/\",\"name\":\"Vaginisme.ca\",\"description\":\"Apprenez \u00e0 propos du vaginisme !\",\"publisher\":{\"@id\":\"https:\\\/\\\/vaginisme.ca\\\/#organization\"},\"potentialAction\":[{\"@type\":\"SearchAction\",\"target\":{\"@type\":\"EntryPoint\",\"urlTemplate\":\"https:\\\/\\\/vaginisme.ca\\\/?s={search_term_string}\"},\"query-input\":{\"@type\":\"PropertyValueSpecification\",\"valueRequired\":true,\"valueName\":\"search_term_string\"}}],\"inLanguage\":\"en-CA\"},{\"@type\":\"Organization\",\"@id\":\"https:\\\/\\\/vaginisme.ca\\\/#organization\",\"name\":\"Vaginisme.ca\",\"url\":\"https:\\\/\\\/vaginisme.ca\\\/\",\"logo\":{\"@type\":\"ImageObject\",\"inLanguage\":\"en-CA\",\"@id\":\"https:\\\/\\\/vaginisme.ca\\\/#\\\/schema\\\/logo\\\/image\\\/\",\"url\":\"https:\\\/\\\/vaginisme.ca\\\/wp-content\\\/uploads\\\/2024\\\/04\\\/New-Logo.png\",\"contentUrl\":\"https:\\\/\\\/vaginisme.ca\\\/wp-content\\\/uploads\\\/2024\\\/04\\\/New-Logo.png\",\"width\":1800,\"height\":566,\"caption\":\"Vaginisme.ca\"},\"image\":{\"@id\":\"https:\\\/\\\/vaginisme.ca\\\/#\\\/schema\\\/logo\\\/image\\\/\"}}]}<\/script>\n<!-- \/ Yoast SEO plugin. -->","yoast_head_json":{"title":"Contact - Vaginisme.ca","robots":{"index":"index","follow":"follow","max-snippet":"max-snippet:-1","max-image-preview":"max-image-preview:large","max-video-preview":"max-video-preview:-1"},"canonical":"https:\/\/vaginisme.ca\/en\/contact\/","og_locale":"en_US","og_type":"article","og_title":"Contact - Vaginisme.ca","og_description":"Votre ressource pour tout ce qui concerne le vaginisme Nous joindre Nous vous encourageons \u00e0 contacter notre \u00e9quipe d&rsquo;experts pour toute question ou pr\u00e9occupation que vous pourriez avoir concernant le vaginisme. Avez-vous un sujet que vous aimeriez voir trait\u00e9 sur notre blog ? Remplissez ce formulaire de contact et nous ferons de notre mieux pour [&hellip;]","og_url":"https:\/\/vaginisme.ca\/en\/contact\/","og_site_name":"Vaginisme.ca","article_modified_time":"2024-04-27T04:24:23+00:00","twitter_card":"summary_large_image","twitter_misc":{"Est. reading time":"1 minute"},"schema":{"@context":"https:\/\/schema.org","@graph":[{"@type":"WebPage","@id":"https:\/\/vaginisme.ca\/contact\/","url":"https:\/\/vaginisme.ca\/contact\/","name":"Contact - Vaginisme.ca","isPartOf":{"@id":"https:\/\/vaginisme.ca\/#website"},"datePublished":"2024-04-26T19:51:53+00:00","dateModified":"2024-04-27T04:24:23+00:00","breadcrumb":{"@id":"https:\/\/vaginisme.ca\/contact\/#breadcrumb"},"inLanguage":"en-CA","potentialAction":[{"@type":"ReadAction","target":["https:\/\/vaginisme.ca\/contact\/"]}]},{"@type":"BreadcrumbList","@id":"https:\/\/vaginisme.ca\/contact\/#breadcrumb","itemListElement":[{"@type":"ListItem","position":1,"name":"Home","item":"https:\/\/vaginisme.ca\/"},{"@type":"ListItem","position":2,"name":"Contact"}]},{"@type":"WebSite","@id":"https:\/\/vaginisme.ca\/#website","url":"https:\/\/vaginisme.ca\/","name":"Vaginisme.ca","description":"Apprenez \u00e0 propos du vaginisme !","publisher":{"@id":"https:\/\/vaginisme.ca\/#organization"},"potentialAction":[{"@type":"SearchAction","target":{"@type":"EntryPoint","urlTemplate":"https:\/\/vaginisme.ca\/?s={search_term_string}"},"query-input":{"@type":"PropertyValueSpecification","valueRequired":true,"valueName":"search_term_string"}}],"inLanguage":"en-CA"},{"@type":"Organization","@id":"https:\/\/vaginisme.ca\/#organization","name":"Vaginisme.ca","url":"https:\/\/vaginisme.ca\/","logo":{"@type":"ImageObject","inLanguage":"en-CA","@id":"https:\/\/vaginisme.ca\/#\/schema\/logo\/image\/","url":"https:\/\/vaginisme.ca\/wp-content\/uploads\/2024\/04\/New-Logo.png","contentUrl":"https:\/\/vaginisme.ca\/wp-content\/uploads\/2024\/04\/New-Logo.png","width":1800,"height":566,"caption":"Vaginisme.ca"},"image":{"@id":"https:\/\/vaginisme.ca\/#\/schema\/logo\/image\/"}}]}},"_links":{"self":[{"href":"https:\/\/vaginisme.ca\/en\/wp-json\/wp\/v2\/pages\/241","targetHints":{"allow":["GET"]}}],"collection":[{"href":"https:\/\/vaginisme.ca\/en\/wp-json\/wp\/v2\/pages"}],"about":[{"href":"https:\/\/vaginisme.ca\/en\/wp-json\/wp\/v2\/types\/page"}],"author":[{"embeddable":true,"href":"https:\/\/vaginisme.ca\/en\/wp-json\/wp\/v2\/users\/3"}],"replies":[{"embeddable":true,"href":"https:\/\/vaginisme.ca\/en\/wp-json\/wp\/v2\/comments?post=241"}],"version-history":[{"count":55,"href":"https:\/\/vaginisme.ca\/en\/wp-json\/wp\/v2\/pages\/241\/revisions"}],"predecessor-version":[{"id":613,"href":"https:\/\/vaginisme.ca\/en\/wp-json\/wp\/v2\/pages\/241\/revisions\/613"}],"wp:attachment":[{"href":"https:\/\/vaginisme.ca\/en\/wp-json\/wp\/v2\/media?parent=241"}],"curies":[{"name":"wp","href":"https:\/\/api.w.org\/{rel}","templated":true}]}}